{"id":439,"date":"2022-10-06T00:02:37","date_gmt":"2022-10-06T00:02:37","guid":{"rendered":"https:\/\/masiablanca.com\/?page_id=439"},"modified":"2022-10-06T00:13:20","modified_gmt":"2022-10-06T00:13:20","slug":"politica-de-cookies","status":"publish","type":"page","link":"https:\/\/masiablanca.com\/eng\/politica-de-cookies\/","title":{"rendered":"Cookies policy"},"content":{"rendered":"<div data-elementor-type=\"wp-page\" data-elementor-id=\"439\" class=\"elementor elementor-439\">\n\t\t\t\t\t\t\t\t\t<section class=\"elementor-section elementor-top-section elementor-element elementor-element-62dd001d elementor-section-height-full elementor-section-items-top elementor-section-boxed elementor-section-height-default wpr-particle-no wpr-jarallax-no wpr-parallax-no wpr-sticky-section-no\" data-id=\"62dd001d\" data-element_type=\"section\" data-settings=\"{&quot;background_background&quot;:&quot;classic&quot;,&quot;shape_divider_bottom&quot;:&quot;mountains&quot;}\">\n\t\t\t\t\t<div class=\"elementor-shape elementor-shape-bottom\" data-negative=\"false\">\n\t\t\t<svg xmlns=\"http:\/\/www.w3.org\/2000\/svg\" viewbox=\"0 0 1000 100\" preserveaspectratio=\"none\">\n\t<path class=\"elementor-shape-fill\" opacity=\"0.33\" d=\"M473,67.3c-203.9,88.3-263.1-34-320.3,0C66,119.1,0,59.7,0,59.7V0h1000v59.7 c0,0-62.1,26.1-94.9,29.3c-32.8,3.3-62.8-12.3-75.8-22.1C806,49.6,745.3,8.7,694.9,4.7S492.4,59,473,67.3z\"\/>\n\t<path class=\"elementor-shape-fill\" opacity=\"0.66\" d=\"M734,67.3c-45.5,0-77.2-23.2-129.1-39.1c-28.6-8.7-150.3-10.1-254,39.1 s-91.7-34.4-149.2,0C115.7,118.3,0,39.8,0,39.8V0h1000v36.5c0,0-28.2-18.5-92.1-18.5C810.2,18.1,775.7,67.3,734,67.3z\"\/>\n\t<path class=\"elementor-shape-fill\" d=\"M766.1,28.9c-200-57.5-266,65.5-395.1,19.5C242,1.8,242,5.4,184.8,20.6C128,35.8,132.3,44.9,89.9,52.5C28.6,63.7,0,0,0,0 h1000c0,0-9.9,40.9-83.6,48.1S829.6,47,766.1,28.9z\"\/>\n<\/svg>\t\t<\/div>\n\t\t\t\t\t<div class=\"elementor-container elementor-column-gap-default\">\n\t\t\t\t\t<div class=\"elementor-column elementor-col-100 elementor-top-column elementor-element elementor-element-1976d378\" data-id=\"1976d378\" data-element_type=\"column\">\n\t\t\t<div class=\"elementor-widget-wrap elementor-element-populated\">\n\t\t\t\t\t\t\t\t<div class=\"elementor-element elementor-element-9e3a34d elementor-widget elementor-widget-spacer\" data-id=\"9e3a34d\" data-element_type=\"widget\" data-widget_type=\"spacer.default\">\n\t\t\t\t<div class=\"elementor-widget-container\">\n\t\t\t<style>\/*! elementor - v3.18.0 - 20-12-2023 *\/\n.elementor-column .elementor-spacer-inner{height:var(--spacer-size)}.e-con{--container-widget-width:100%}.e-con-inner>.elementor-widget-spacer,.e-con>.elementor-widget-spacer{width:var(--container-widget-width,var(--spacer-size));--align-self:var(--container-widget-align-self,initial);--flex-shrink:0}.e-con-inner>.elementor-widget-spacer>.elementor-widget-container,.e-con>.elementor-widget-spacer>.elementor-widget-container{height:100%;width:100%}.e-con-inner>.elementor-widget-spacer>.elementor-widget-container>.elementor-spacer,.e-con>.elementor-widget-spacer>.elementor-widget-container>.elementor-spacer{height:100%}.e-con-inner>.elementor-widget-spacer>.elementor-widget-container>.elementor-spacer>.elementor-spacer-inner,.e-con>.elementor-widget-spacer>.elementor-widget-container>.elementor-spacer>.elementor-spacer-inner{height:var(--container-widget-height,var(--spacer-size))}.e-con-inner>.elementor-widget-spacer.elementor-widget-empty,.e-con>.elementor-widget-spacer.elementor-widget-empty{position:relative;min-height:22px;min-width:22px}.e-con-inner>.elementor-widget-spacer.elementor-widget-empty .elementor-widget-empty-icon,.e-con>.elementor-widget-spacer.elementor-widget-empty .elementor-widget-empty-icon{position:absolute;top:0;bottom:0;left:0;right:0;margin:auto;padding:0;width:22px;height:22px}<\/style>\t\t<div class=\"elementor-spacer\">\n\t\t\t<div class=\"elementor-spacer-inner\"><\/div>\n\t\t<\/div>\n\t\t\t\t<\/div>\n\t\t\t\t<\/div>\n\t\t\t\t<div class=\"elementor-element elementor-element-4055490 elementor-widget elementor-widget-heading\" data-id=\"4055490\" data-element_type=\"widget\" data-widget_type=\"heading.default\">\n\t\t\t\t<div class=\"elementor-widget-container\">\n\t\t\t<style>\/*! elementor - v3.18.0 - 20-12-2023 *\/\n.elementor-heading-title{padding:0;margin:0;line-height:1}.elementor-widget-heading .elementor-heading-title[class*=elementor-size-]>a{color:inherit;font-size:inherit;line-height:inherit}.elementor-widget-heading .elementor-heading-title.elementor-size-small{font-size:15px}.elementor-widget-heading .elementor-heading-title.elementor-size-medium{font-size:19px}.elementor-widget-heading .elementor-heading-title.elementor-size-large{font-size:29px}.elementor-widget-heading .elementor-heading-title.elementor-size-xl{font-size:39px}.elementor-widget-heading .elementor-heading-title.elementor-size-xxl{font-size:59px}<\/style><h2 class=\"elementor-heading-title elementor-size-default\">Cookies policy<\/h2>\t\t<\/div>\n\t\t\t\t<\/div>\n\t\t\t\t<div class=\"elementor-element elementor-element-1c4dd14 elementor-widget elementor-widget-text-editor\" data-id=\"1c4dd14\" data-element_type=\"widget\" data-widget_type=\"text-editor.default\">\n\t\t\t\t<div class=\"elementor-widget-container\">\n\t\t\t<style>\/*! elementor - v3.18.0 - 20-12-2023 *\/\n.elementor-widget-text-editor.elementor-drop-cap-view-stacked .elementor-drop-cap{background-color:#69727d;color:#fff}.elementor-widget-text-editor.elementor-drop-cap-view-framed .elementor-drop-cap{color:#69727d;border:3px solid;background-color:transparent}.elementor-widget-text-editor:not(.elementor-drop-cap-view-default) .elementor-drop-cap{margin-top:8px}.elementor-widget-text-editor:not(.elementor-drop-cap-view-default) .elementor-drop-cap-letter{width:1em;height:1em}.elementor-widget-text-editor .elementor-drop-cap{float:left;text-align:center;line-height:1;font-size:50px}.elementor-widget-text-editor .elementor-drop-cap-letter{display:inline-block}<\/style>\t\t\t\t<h4 id=\"ot-pvcy-hdr\">Your privacy<\/h4><p id=\"ot-pc-desc\" class=\"ot-grp-desc\">When you visit any website, it may obtain or store information in your browser, generally through the use of cookies. This information may be about you, your preferences, or your device, and is primarily used to make the site work as expected. The information generally does not directly identify you, but it can provide you with a more personalized web experience. Because we respect your right to privacy, you may choose not to allow us to use certain cookies. Click on each category heading to learn more and change our default settings. However, blocking some types of cookies may affect your experience of the site and the services we are able to offer.<br \/><span style=\"text-decoration: underline;\"><a class=\"privacy-notice-link\" tabindex=\"0\" href=\"https:\/\/cookiepedia.co.uk\/giving-consent-to-cookies\" target=\"_blank\" rel=\"noopener\" aria-label=\"Learn more about your privacy, opens in a new tab\">More information<\/a><\/span><\/p>\t\t\t\t\t\t<\/div>\n\t\t\t\t<\/div>\n\t\t\t\t<div class=\"elementor-element elementor-element-d6d54ee elementor-widget elementor-widget-text-editor\" data-id=\"d6d54ee\" data-element_type=\"widget\" data-widget_type=\"text-editor.default\">\n\t\t\t\t<div class=\"elementor-widget-container\">\n\t\t\t\t\t\t\t<div class=\"ot-grp-hdr1\"><h4 class=\"ot-cat-header\">Strictly necessary cookies<\/h4><div class=\"ot-tgl-cntr\"><div class=\"ot-always-active\">Always active<\/div><\/div><\/div><p class=\"ot-grp-desc ot-category-desc\">These cookies are necessary for the website to function and cannot be disabled in our systems. They are usually set to respond to actions made by you to receive services, such as adjusting your privacy preferences, logging in to the site, or filling out forms. You can configure your browser to block or alert you to the presence of these cookies, but some parts of the website will not work. These cookies do not store any personally identifiable information.<\/p>\t\t\t\t\t\t<\/div>\n\t\t\t\t<\/div>\n\t\t\t\t<div class=\"elementor-element elementor-element-05fc88e elementor-widget elementor-widget-text-editor\" data-id=\"05fc88e\" data-element_type=\"widget\" data-widget_type=\"text-editor.default\">\n\t\t\t\t<div class=\"elementor-widget-container\">\n\t\t\t\t\t\t\t<div class=\"ot-grp-hdr1\"><div class=\"ot-grp-hdr1\"><h4 class=\"ot-cat-header\">Performance cookies<\/h4><\/div><p class=\"ot-grp-desc ot-category-desc\">These cookies allow us to count visits and traffic sources so that we can measure and improve the performance of our site. They help us to know which pages are the most or least popular, and to see how many people visit the site. All information these cookies collect is aggregated and therefore anonymous. If you do not allow these cookies we will not know when you visited our site, and therefore we will not be able to know when you visited it.<\/p><\/div>\t\t\t\t\t\t<\/div>\n\t\t\t\t<\/div>\n\t\t\t\t\t<\/div>\n\t\t<\/div>\n\t\t\t\t\t\t\t<\/div>\n\t\t<\/section>\n\t\t\t\t<section class=\"elementor-section elementor-top-section elementor-element elementor-element-f794896 elementor-section-height-full elementor-section-items-top elementor-section-boxed elementor-section-height-default wpr-particle-no wpr-jarallax-no wpr-parallax-no wpr-sticky-section-no\" data-id=\"f794896\" data-element_type=\"section\" data-settings=\"{&quot;background_background&quot;:&quot;classic&quot;,&quot;shape_divider_top&quot;:&quot;mountains&quot;}\">\n\t\t\t\t\t<div class=\"elementor-shape elementor-shape-top\" data-negative=\"false\">\n\t\t\t<svg xmlns=\"http:\/\/www.w3.org\/2000\/svg\" viewbox=\"0 0 1000 100\" preserveaspectratio=\"none\">\n\t<path class=\"elementor-shape-fill\" opacity=\"0.33\" d=\"M473,67.3c-203.9,88.3-263.1-34-320.3,0C66,119.1,0,59.7,0,59.7V0h1000v59.7 c0,0-62.1,26.1-94.9,29.3c-32.8,3.3-62.8-12.3-75.8-22.1C806,49.6,745.3,8.7,694.9,4.7S492.4,59,473,67.3z\"\/>\n\t<path class=\"elementor-shape-fill\" opacity=\"0.66\" d=\"M734,67.3c-45.5,0-77.2-23.2-129.1-39.1c-28.6-8.7-150.3-10.1-254,39.1 s-91.7-34.4-149.2,0C115.7,118.3,0,39.8,0,39.8V0h1000v36.5c0,0-28.2-18.5-92.1-18.5C810.2,18.1,775.7,67.3,734,67.3z\"\/>\n\t<path class=\"elementor-shape-fill\" d=\"M766.1,28.9c-200-57.5-266,65.5-395.1,19.5C242,1.8,242,5.4,184.8,20.6C128,35.8,132.3,44.9,89.9,52.5C28.6,63.7,0,0,0,0 h1000c0,0-9.9,40.9-83.6,48.1S829.6,47,766.1,28.9z\"\/>\n<\/svg>\t\t<\/div>\n\t\t\t\t\t<div class=\"elementor-container elementor-column-gap-default\">\n\t\t\t\t\t<div class=\"elementor-column elementor-col-100 elementor-top-column elementor-element elementor-element-f4b4677\" data-id=\"f4b4677\" data-element_type=\"column\">\n\t\t\t<div class=\"elementor-widget-wrap elementor-element-populated\">\n\t\t\t\t\t\t\t\t<div class=\"elementor-element elementor-element-c282c8f elementor-widget elementor-widget-text-editor\" data-id=\"c282c8f\" data-element_type=\"widget\" data-widget_type=\"text-editor.default\">\n\t\t\t\t<div class=\"elementor-widget-container\">\n\t\t\t\t\t\t\t<div class=\"ot-grp-hdr1\"><h4 class=\"ot-cat-header\">Functionality cookies<\/h4><\/div><p class=\"ot-grp-desc ot-category-desc\">These cookies allow the site to offer better functionality and personalization. They may be set by us or by third parties whose services we have added to our pages. If you do not allow these cookies, some of our services will not work properly.<\/p>\t\t\t\t\t\t<\/div>\n\t\t\t\t<\/div>\n\t\t\t\t<div class=\"elementor-element elementor-element-f0043bc elementor-widget elementor-widget-text-editor\" data-id=\"f0043bc\" data-element_type=\"widget\" data-widget_type=\"text-editor.default\">\n\t\t\t\t<div class=\"elementor-widget-container\">\n\t\t\t\t\t\t\t<div class=\"ot-grp-hdr1\"><div class=\"ot-grp-hdr1\"><h4 class=\"ot-cat-header\">Targeted cookies<\/h4><\/div><p class=\"ot-grp-desc ot-category-desc\">These cookies may be throughout the website, placed by our advertising partners. These businesses may use them to build a profile of your interests and show you relevant ads on other sites. They do not store personal information directly, but are based on the unique identification of your browser and Internet access device. If you do not allow these cookies, you will have less targeted advertising.<\/p><\/div>\t\t\t\t\t\t<\/div>\n\t\t\t\t<\/div>\n\t\t\t\t<div class=\"elementor-element elementor-element-deddc0d elementor-widget elementor-widget-text-editor\" data-id=\"deddc0d\" data-element_type=\"widget\" data-widget_type=\"text-editor.default\">\n\t\t\t\t<div class=\"elementor-widget-container\">\n\t\t\t\t\t\t\t<div class=\"ot-grp-hdr1\"><div class=\"ot-grp-hdr1\"><div class=\"ot-grp-hdr1\"><h4 class=\"ot-cat-header\">Social network cookies<\/h4><\/div><p class=\"ot-grp-desc ot-category-desc\">These cookies are set by a number of social media services that we have added to the site to enable you to share our content with your friends and networks. They are able to track your browser across other sites and create a profile of your interests. This may modify the content and messages you find on other web pages you visit. If you do not allow these cookies you will not be able to view or use these sharing tools.<\/p><\/div><\/div>\t\t\t\t\t\t<\/div>\n\t\t\t\t<\/div>\n\t\t\t\t\t<\/div>\n\t\t<\/div>\n\t\t\t\t\t\t\t<\/div>\n\t\t<\/section>\n\t\t\t\t\t\t\t<\/div>","protected":false},"excerpt":{"rendered":"<p>Pol\u00edtica de cookies Su privacidad Cuando visita cualquier sitio web, el mismo podr\u00eda obtener o guardar informaci\u00f3n en su navegador, generalmente mediante el uso de cookies. Esta informaci\u00f3n puede ser acerca de usted, sus preferencias o su dispositivo, y se usa principalmente para que el sitio funcione seg\u00fan lo esperado. Por lo general, la informaci\u00f3n [&hellip;]<\/p>","protected":false},"author":1,"featured_media":0,"parent":0,"menu_order":0,"comment_status":"closed","ping_status":"closed","template":"","meta":{"footnotes":""},"yoast_head":"<!-- This site is optimized with the Yoast SEO plugin v21.9 - https:\/\/yoast.com\/wordpress\/plugins\/seo\/ -->\n<title>Pol\u00edtica de cookies - Masiablanca<\/title>\n<meta name=\"robots\" content=\"index, follow, max-snippet:-1, max-image-preview:large, max-video-preview:-1\" \/>\n<link rel=\"canonical\" href=\"https:\/\/masiablanca.com\/eng\/politica-de-cookies\/\" \/>\n<meta property=\"og:locale\" content=\"en_GB\" \/>\n<meta property=\"og:type\" content=\"article\" \/>\n<meta property=\"og:title\" content=\"Pol\u00edtica de cookies - Masiablanca\" \/>\n<meta property=\"og:description\" content=\"Pol\u00edtica de cookies Su privacidad Cuando visita cualquier sitio web, el mismo podr\u00eda obtener o guardar informaci\u00f3n en su navegador, generalmente mediante el uso de cookies. Esta informaci\u00f3n puede ser acerca de usted, sus preferencias o su dispositivo, y se usa principalmente para que el sitio funcione seg\u00fan lo esperado. Por lo general, la informaci\u00f3n [&hellip;]\" \/>\n<meta property=\"og:url\" content=\"https:\/\/masiablanca.com\/eng\/politica-de-cookies\/\" \/>\n<meta property=\"og:site_name\" content=\"Masiablanca\" \/>\n<meta property=\"article:modified_time\" content=\"2022-10-06T00:13:20+00:00\" \/>\n<meta name=\"twitter:card\" content=\"summary_large_image\" \/>\n<meta name=\"twitter:label1\" content=\"Estimated reading time\" \/>\n\t<meta name=\"twitter:data1\" content=\"3 minutes\" \/>\n<script type=\"application\/ld+json\" class=\"yoast-schema-graph\">{\"@context\":\"https:\/\/schema.org\",\"@graph\":[{\"@type\":\"WebPage\",\"@id\":\"https:\/\/masiablanca.com\/politica-de-cookies\/\",\"url\":\"https:\/\/masiablanca.com\/politica-de-cookies\/\",\"name\":\"Pol\u00edtica de cookies - Masiablanca\",\"isPartOf\":{\"@id\":\"https:\/\/masiablanca.com\/#website\"},\"datePublished\":\"2022-10-06T00:02:37+00:00\",\"dateModified\":\"2022-10-06T00:13:20+00:00\",\"breadcrumb\":{\"@id\":\"https:\/\/masiablanca.com\/politica-de-cookies\/#breadcrumb\"},\"inLanguage\":\"en-GB\",\"potentialAction\":[{\"@type\":\"ReadAction\",\"target\":[\"https:\/\/masiablanca.com\/politica-de-cookies\/\"]}]},{\"@type\":\"BreadcrumbList\",\"@id\":\"https:\/\/masiablanca.com\/politica-de-cookies\/#breadcrumb\",\"itemListElement\":[{\"@type\":\"ListItem\",\"position\":1,\"name\":\"Portada\",\"item\":\"https:\/\/masiablanca.com\/\"},{\"@type\":\"ListItem\",\"position\":2,\"name\":\"Pol\u00edtica de cookies\"}]},{\"@type\":\"WebSite\",\"@id\":\"https:\/\/masiablanca.com\/#website\",\"url\":\"https:\/\/masiablanca.com\/\",\"name\":\"Masiablanca\",\"description\":\"Alojamiento vacacional, eventos y rodajes\",\"publisher\":{\"@id\":\"https:\/\/masiablanca.com\/#organization\"},\"potentialAction\":[{\"@type\":\"SearchAction\",\"target\":{\"@type\":\"EntryPoint\",\"urlTemplate\":\"https:\/\/masiablanca.com\/?s={search_term_string}\"},\"query-input\":\"required name=search_term_string\"}],\"inLanguage\":\"en-GB\"},{\"@type\":\"Organization\",\"@id\":\"https:\/\/masiablanca.com\/#organization\",\"name\":\"Masiablanca\",\"url\":\"https:\/\/masiablanca.com\/\",\"logo\":{\"@type\":\"ImageObject\",\"inLanguage\":\"en-GB\",\"@id\":\"https:\/\/masiablanca.com\/#\/schema\/logo\/image\/\",\"url\":\"https:\/\/masiablanca.com\/wp-content\/uploads\/2022\/10\/cropped-Logo.png\",\"contentUrl\":\"https:\/\/masiablanca.com\/wp-content\/uploads\/2022\/10\/cropped-Logo.png\",\"width\":1249,\"height\":982,\"caption\":\"Masiablanca\"},\"image\":{\"@id\":\"https:\/\/masiablanca.com\/#\/schema\/logo\/image\/\"}}]}<\/script>\n<!-- \/ Yoast SEO plugin. -->","yoast_head_json":{"title":"Pol\u00edtica de cookies - Masiablanca","robots":{"index":"index","follow":"follow","max-snippet":"max-snippet:-1","max-image-preview":"max-image-preview:large","max-video-preview":"max-video-preview:-1"},"canonical":"https:\/\/masiablanca.com\/eng\/politica-de-cookies\/","og_locale":"en_GB","og_type":"article","og_title":"Pol\u00edtica de cookies - Masiablanca","og_description":"Pol\u00edtica de cookies Su privacidad Cuando visita cualquier sitio web, el mismo podr\u00eda obtener o guardar informaci\u00f3n en su navegador, generalmente mediante el uso de cookies. Esta informaci\u00f3n puede ser acerca de usted, sus preferencias o su dispositivo, y se usa principalmente para que el sitio funcione seg\u00fan lo esperado. Por lo general, la informaci\u00f3n [&hellip;]","og_url":"https:\/\/masiablanca.com\/eng\/politica-de-cookies\/","og_site_name":"Masiablanca","article_modified_time":"2022-10-06T00:13:20+00:00","twitter_card":"summary_large_image","twitter_misc":{"Estimated reading time":"3 minutes"},"schema":{"@context":"https:\/\/schema.org","@graph":[{"@type":"WebPage","@id":"https:\/\/masiablanca.com\/politica-de-cookies\/","url":"https:\/\/masiablanca.com\/politica-de-cookies\/","name":"Pol\u00edtica de cookies - Masiablanca","isPartOf":{"@id":"https:\/\/masiablanca.com\/#website"},"datePublished":"2022-10-06T00:02:37+00:00","dateModified":"2022-10-06T00:13:20+00:00","breadcrumb":{"@id":"https:\/\/masiablanca.com\/politica-de-cookies\/#breadcrumb"},"inLanguage":"en-GB","potentialAction":[{"@type":"ReadAction","target":["https:\/\/masiablanca.com\/politica-de-cookies\/"]}]},{"@type":"BreadcrumbList","@id":"https:\/\/masiablanca.com\/politica-de-cookies\/#breadcrumb","itemListElement":[{"@type":"ListItem","position":1,"name":"Portada","item":"https:\/\/masiablanca.com\/"},{"@type":"ListItem","position":2,"name":"Pol\u00edtica de cookies"}]},{"@type":"WebSite","@id":"https:\/\/masiablanca.com\/#website","url":"https:\/\/masiablanca.com\/","name":"Masiablanca","description":"Alojamiento vacacional, eventos y rodajes","publisher":{"@id":"https:\/\/masiablanca.com\/#organization"},"potentialAction":[{"@type":"SearchAction","target":{"@type":"EntryPoint","urlTemplate":"https:\/\/masiablanca.com\/?s={search_term_string}"},"query-input":"required name=search_term_string"}],"inLanguage":"en-GB"},{"@type":"Organization","@id":"https:\/\/masiablanca.com\/#organization","name":"Masiablanca","url":"https:\/\/masiablanca.com\/","logo":{"@type":"ImageObject","inLanguage":"en-GB","@id":"https:\/\/masiablanca.com\/#\/schema\/logo\/image\/","url":"https:\/\/masiablanca.com\/wp-content\/uploads\/2022\/10\/cropped-Logo.png","contentUrl":"https:\/\/masiablanca.com\/wp-content\/uploads\/2022\/10\/cropped-Logo.png","width":1249,"height":982,"caption":"Masiablanca"},"image":{"@id":"https:\/\/masiablanca.com\/#\/schema\/logo\/image\/"}}]}},"_links":{"self":[{"href":"https:\/\/masiablanca.com\/eng\/wp-json\/wp\/v2\/pages\/439"}],"collection":[{"href":"https:\/\/masiablanca.com\/eng\/wp-json\/wp\/v2\/pages"}],"about":[{"href":"https:\/\/masiablanca.com\/eng\/wp-json\/wp\/v2\/types\/page"}],"author":[{"embeddable":true,"href":"https:\/\/masiablanca.com\/eng\/wp-json\/wp\/v2\/users\/1"}],"replies":[{"embeddable":true,"href":"https:\/\/masiablanca.com\/eng\/wp-json\/wp\/v2\/comments?post=439"}],"version-history":[{"count":8,"href":"https:\/\/masiablanca.com\/eng\/wp-json\/wp\/v2\/pages\/439\/revisions"}],"predecessor-version":[{"id":448,"href":"https:\/\/masiablanca.com\/eng\/wp-json\/wp\/v2\/pages\/439\/revisions\/448"}],"wp:attachment":[{"href":"https:\/\/masiablanca.com\/eng\/wp-json\/wp\/v2\/media?parent=439"}],"curies":[{"name":"wp","href":"https:\/\/api.w.org\/{rel}","templated":true}]}}