{"id":475,"date":"2022-10-06T11:03:57","date_gmt":"2022-10-06T11:03:57","guid":{"rendered":"https:\/\/masiablanca.com\/?page_id=475"},"modified":"2024-01-31T09:12:32","modified_gmt":"2024-01-31T09:12:32","slug":"politica-de-privacidad","status":"publish","type":"page","link":"https:\/\/masiablanca.com\/eng\/politica-de-privacidad\/","title":{"rendered":"Privacy Policy"},"content":{"rendered":"<div data-elementor-type=\"wp-page\" data-elementor-id=\"475\" class=\"elementor elementor-475\">\n\t\t\t\t\t\t\t\t\t<section class=\"elementor-section elementor-top-section elementor-element elementor-element-06e2f7f elementor-section-boxed elementor-section-height-default elementor-section-height-default wpr-particle-no wpr-jarallax-no wpr-parallax-no wpr-sticky-section-no\" data-id=\"06e2f7f\" data-element_type=\"section\" data-settings=\"{&quot;background_background&quot;:&quot;classic&quot;}\">\n\t\t\t\t\t\t<div class=\"elementor-container elementor-column-gap-default\">\n\t\t\t\t\t<div class=\"elementor-column elementor-col-100 elementor-top-column elementor-element elementor-element-fc2767a\" data-id=\"fc2767a\" data-element_type=\"column\">\n\t\t\t<div class=\"elementor-widget-wrap elementor-element-populated\">\n\t\t\t\t\t\t\t\t<div class=\"elementor-element elementor-element-9e3a34d elementor-widget elementor-widget-spacer\" data-id=\"9e3a34d\" data-element_type=\"widget\" data-widget_type=\"spacer.default\">\n\t\t\t\t<div class=\"elementor-widget-container\">\n\t\t\t<style>\/*! elementor - v3.18.0 - 20-12-2023 *\/\n.elementor-column .elementor-spacer-inner{height:var(--spacer-size)}.e-con{--container-widget-width:100%}.e-con-inner>.elementor-widget-spacer,.e-con>.elementor-widget-spacer{width:var(--container-widget-width,var(--spacer-size));--align-self:var(--container-widget-align-self,initial);--flex-shrink:0}.e-con-inner>.elementor-widget-spacer>.elementor-widget-container,.e-con>.elementor-widget-spacer>.elementor-widget-container{height:100%;width:100%}.e-con-inner>.elementor-widget-spacer>.elementor-widget-container>.elementor-spacer,.e-con>.elementor-widget-spacer>.elementor-widget-container>.elementor-spacer{height:100%}.e-con-inner>.elementor-widget-spacer>.elementor-widget-container>.elementor-spacer>.elementor-spacer-inner,.e-con>.elementor-widget-spacer>.elementor-widget-container>.elementor-spacer>.elementor-spacer-inner{height:var(--container-widget-height,var(--spacer-size))}.e-con-inner>.elementor-widget-spacer.elementor-widget-empty,.e-con>.elementor-widget-spacer.elementor-widget-empty{position:relative;min-height:22px;min-width:22px}.e-con-inner>.elementor-widget-spacer.elementor-widget-empty .elementor-widget-empty-icon,.e-con>.elementor-widget-spacer.elementor-widget-empty .elementor-widget-empty-icon{position:absolute;top:0;bottom:0;left:0;right:0;margin:auto;padding:0;width:22px;height:22px}<\/style>\t\t<div class=\"elementor-spacer\">\n\t\t\t<div class=\"elementor-spacer-inner\"><\/div>\n\t\t<\/div>\n\t\t\t\t<\/div>\n\t\t\t\t<\/div>\n\t\t\t\t<div class=\"elementor-element elementor-element-4055490 elementor-widget elementor-widget-heading\" data-id=\"4055490\" data-element_type=\"widget\" data-widget_type=\"heading.default\">\n\t\t\t\t<div class=\"elementor-widget-container\">\n\t\t\t<style>\/*! elementor - v3.18.0 - 20-12-2023 *\/\n.elementor-heading-title{padding:0;margin:0;line-height:1}.elementor-widget-heading .elementor-heading-title[class*=elementor-size-]>a{color:inherit;font-size:inherit;line-height:inherit}.elementor-widget-heading .elementor-heading-title.elementor-size-small{font-size:15px}.elementor-widget-heading .elementor-heading-title.elementor-size-medium{font-size:19px}.elementor-widget-heading .elementor-heading-title.elementor-size-large{font-size:29px}.elementor-widget-heading .elementor-heading-title.elementor-size-xl{font-size:39px}.elementor-widget-heading .elementor-heading-title.elementor-size-xxl{font-size:59px}<\/style><h2 class=\"elementor-heading-title elementor-size-default\">Privacy Policy<\/h2>\t\t<\/div>\n\t\t\t\t<\/div>\n\t\t\t\t<div class=\"elementor-element elementor-element-2e8ec6a elementor-widget elementor-widget-text-editor\" data-id=\"2e8ec6a\" data-element_type=\"widget\" data-widget_type=\"text-editor.default\">\n\t\t\t\t<div class=\"elementor-widget-container\">\n\t\t\t<style>\/*! elementor - v3.18.0 - 20-12-2023 *\/\n.elementor-widget-text-editor.elementor-drop-cap-view-stacked .elementor-drop-cap{background-color:#69727d;color:#fff}.elementor-widget-text-editor.elementor-drop-cap-view-framed .elementor-drop-cap{color:#69727d;border:3px solid;background-color:transparent}.elementor-widget-text-editor:not(.elementor-drop-cap-view-default) .elementor-drop-cap{margin-top:8px}.elementor-widget-text-editor:not(.elementor-drop-cap-view-default) .elementor-drop-cap-letter{width:1em;height:1em}.elementor-widget-text-editor .elementor-drop-cap{float:left;text-align:center;line-height:1;font-size:50px}.elementor-widget-text-editor .elementor-drop-cap-letter{display:inline-block}<\/style>\t\t\t\t<p class=\"p1\"><span class=\"s1\">POL\u00cdTICA DE PRIVACIDAD<\/span><\/p><p class=\"p2\">La confidencialidad y la seguridad son valores primordiales de SARAFORT, S.L. y, en consecuencia, asumimos el compromiso de garantizar la privacidad del Usuario en todo momento y de no recabar informaci\u00f3n innecesaria. A continuaci\u00f3n, le proporcionamos toda la informaci\u00f3n necesaria sobre nuestra Pol\u00edtica de Privacidad en relaci\u00f3n con los datos personales que recabamos, explic\u00e1ndole:<\/p><ul class=\"ul1\"><li class=\"li3\" style=\"text-align: left;\">Qui\u00e9n es el responsable del tratamiento de sus datos.<\/li><li class=\"li3\" style=\"text-align: left;\">Para qu\u00e9 finalidades recabamos los datos que le solicitamos.<\/li><li class=\"li3\" style=\"text-align: left;\">Cu\u00e1l es la legitimaci\u00f3n para su tratamiento.<\/li><li class=\"li3\" style=\"text-align: left;\">Durante cu\u00e1nto tiempo los conservamos.<\/li><li class=\"li3\" style=\"text-align: left;\">A qu\u00e9 destinatarios se comunican sus datos.<\/li><li class=\"li2\" style=\"text-align: left;\">Cu\u00e1les son sus derechos.<\/li><\/ul><ol class=\"ol1\"><li class=\"li4\" style=\"text-align: left;\"><b>Responsable<\/b>:<\/li><\/ol><p class=\"p5\" style=\"text-align: left;\">SARAFORT, S.L.<\/p><p class=\"p5\" style=\"text-align: left;\">B43219526<\/p><p class=\"p5\" style=\"text-align: left;\">C\/ General Pardi\u00f1as, 92, 1\u00ba Oficina 6, 28006 de Madrid<\/p><p class=\"p6\" style=\"text-align: left;\"><span class=\"s2\"><a href=\"mailto:info@masiablanca.com\">info@masiablanca.com<\/a><\/span><span class=\"s3\">.<\/span><\/p><ol class=\"ol1\"><li class=\"li4\" style=\"text-align: left;\"><b>Finalidades, legitimaci\u00f3n y conservaci\u00f3n de los tratamientos de los datos enviados a trav\u00e9s de<\/b>:<\/li><\/ol><ul class=\"ul1\" style=\"text-align: left;\"><li class=\"li4\">FORMULARIO DE CONTACTO.<\/li><\/ul><p class=\"p8\" style=\"text-align: left;\"><b>Finalidad:<\/b> Facilitarle un medio para que pueda ponerse en contacto con nosotros y contestar a sus solicitudes de informaci\u00f3n.<\/p><p class=\"p8\" style=\"text-align: left;\"><b>Legitimaci\u00f3n:<\/b> El consentimiento del usuario al solicitarnos informaci\u00f3n a trav\u00e9s de nuestro formulario de contacto.<\/p><p class=\"p8\" style=\"text-align: left;\"><b>Conservaci\u00f3n:<\/b> Hasta una vez resuelta su solicitud por medio de nuestro formulario o contestada por correo electr\u00f3nico, si no ha generado un nuevo tratamiento y, durante los plazos legales legalmente previstos.<\/p><ul class=\"ul1\" style=\"text-align: left;\"><li class=\"li4\">ENV\u00cdO DE CORREOS ELECTR\u00d3NICOS.<\/li><\/ul><p class=\"p8\" style=\"text-align: left;\"><b>Finalidad:<\/b> Contestar a sus solicitudes de informaci\u00f3n, atender sus peticiones y responder sus consultas o dudas.<span class=\"Apple-converted-space\">\u00a0 \u00a0<\/span><\/p><p class=\"p8\" style=\"text-align: left;\"><b>Legitimaci\u00f3n:<\/b> El consentimiento del usuario al solicitarnos informaci\u00f3n a trav\u00e9s de la direcci\u00f3n de correo electr\u00f3nico.<\/p><p class=\"p8\" style=\"text-align: left;\"><b>Conservaci\u00f3n:<\/b> Hasta una vez contestada su petici\u00f3n por correo electr\u00f3nico, si no ha generado un nuevo tratamiento y, durante los plazos legales legalmente previstos.<\/p><p class=\"p4\" style=\"text-align: left;\"><b>Obligaci\u00f3n de facilitarnos sus datos personales y consecuencias de no hacerlo.<\/b><\/p><p class=\"p2\" style=\"text-align: left;\">El suministro de datos personales requiere una edad m\u00ednima de 14 a\u00f1os, o en su caso, disponer de capacidad jur\u00eddica suficiente para contratar.<\/p><p class=\"p2\" style=\"text-align: left;\">Los datos personales solicitados son necesarios para gestionar sus solicitudes y\/o prestarle los servicios que pueda contratar, por lo que, si no nos los facilita, no podremos atenderle correctamente ni prestarle el servicio que ha solicitado.<\/p><ol class=\"ol1\" style=\"text-align: left;\"><li class=\"li4\"><b>Destinatarios de sus datos<\/b><\/li><\/ol><p class=\"p2\" style=\"text-align: left;\">Sus datos son confidenciales y no se ceder\u00e1n a terceros, salvo que exista obligaci\u00f3n legal.<\/p><ol class=\"ol1\"><li class=\"li4\" style=\"text-align: left;\"><b>Derechos en relaci\u00f3n con sus datos personales<\/b><\/li><\/ol><p class=\"p2\">Cualquier persona puede retirar su consentimiento en cualquier momento, cuando el mismo se haya otorgado para el tratamiento de sus datos. En ning\u00fan caso, la retirada de este consentimiento condiciona la ejecuci\u00f3n del contrato de suscripci\u00f3n o las relaciones generadas con anterioridad.<\/p><p class=\"p2\">Igualmente, puede ejercer los siguientes derechos:<\/p><ul class=\"ul1\"><li class=\"li3\" style=\"text-align: left;\">Solicitar el acceso a sus datos personales o su rectificaci\u00f3n cuando sean inexactos.<\/li><li class=\"li3\" style=\"text-align: left;\">Solicitar su supresi\u00f3n cuando, entre otros motivos, los datos ya no sean necesarios para los fines para los que fueron recogidos.<\/li><li class=\"li3\" style=\"text-align: left;\">Solicitar la limitaci\u00f3n de su tratamiento en determinadas circunstancias.<\/li><li class=\"li3\" style=\"text-align: left;\">Solicitar la oposici\u00f3n al tratamiento de sus datos por motivos relacionados con su situaci\u00f3n particular.<\/li><li class=\"li3\" style=\"text-align: left;\">Solicitar la portabilidad de los datos en los casos previstos en la normativa.<\/li><li class=\"li2\" style=\"text-align: left;\">Otros derechos reconocidos en las normativas aplicables.<\/li><\/ul><p class=\"p2\">D\u00f3nde y c\u00f3mo solicitar sus Derechos: Mediante un escrito dirigido al responsable a su direcci\u00f3n postal o electr\u00f3nica (indicadas en el apartado 1), indicando la referencia \u201cDatos Personales\u201d, especificando el derecho que se quiere ejercer y respecto a qu\u00e9 datos personales.<\/p><p class=\"p2\">En caso de divergencias con la empresa en relaci\u00f3n con el tratamiento de sus datos, puede presentar una reclamaci\u00f3n ante la Autoridad de Protecci\u00f3n de Datos (<a href=\"http:\/\/www.agpd.es\/\"><span class=\"s5\">www.agpd.es<\/span><\/a>).<\/p><ol class=\"ol1\"><li class=\"li4\" style=\"text-align: left;\"><b>Cookies<\/b><\/li><\/ol><p class=\"p4\">Esta p\u00e1gina web no utiliza cookies y por tanto no se tratan datos de conexi\u00f3n y\/o dispositivos para fines estad\u00edsticos ni se captan h\u00e1bitos de navegaci\u00f3n para fines publicitarios.<\/p><ol class=\"ol1\"><li class=\"li4\" style=\"text-align: left;\"><b>Seguridad de sus datos personales<\/b><\/li><\/ol><p class=\"p2\">Con el objetivo de salvaguardar la seguridad de sus datos personales, le informamos que hemos adoptado todas las medidas de \u00edndole t\u00e9cnica y organizativa necesarias para garantizar la seguridad de los datos personales suministrados de su alteraci\u00f3n, p\u00e9rdida, y tratamientos o accesos no autorizados.<\/p><ol class=\"ol1\"><li class=\"li4\" style=\"text-align: left;\"><b>Actualizaci\u00f3n de sus datos<\/b><\/li><\/ol><p class=\"p4\">Es importante que para que podamos mantener sus datos personales actualizados, nos informe siempre que haya habido alguna modificaci\u00f3n en ellos, en caso contrario, no respondemos de la veracidad de los mismos.<\/p><p class=\"p4\">No nos hacemos responsables de la pol\u00edtica de privacidad respecto a los datos personales que pueda facilitar a terceros por medio de los enlaces disponibles en nuestra p\u00e1gina web.<\/p><p class=\"p2\">La presente Pol\u00edtica de Privacidad puede ser modificada para adaptarlas a los cambios que se produzca en nuestra web, as\u00ed como modificaciones legislativas o jurisprudenciales sobre datos personales que vayan apareciendo, por lo que exige su lectura, cada vez que nos facilite sus datos a trav\u00e9s de esta Web.<\/p><p class=\"p2\">\u00daltima actualizaci\u00f3n: 24\/01\/2024\u00a0<\/p>\t\t\t\t\t\t<\/div>\n\t\t\t\t<\/div>\n\t\t\t\t\t<\/div>\n\t\t<\/div>\n\t\t\t\t\t\t\t<\/div>\n\t\t<\/section>\n\t\t\t\t\t\t\t<\/div>","protected":false},"excerpt":{"rendered":"<p>Pol\u00edtica de privacidad POL\u00cdTICA DE PRIVACIDAD La confidencialidad y la seguridad son valores primordiales de SARAFORT, S.L. y, en consecuencia, asumimos el compromiso de garantizar la privacidad del Usuario en todo momento y de no recabar informaci\u00f3n innecesaria. A continuaci\u00f3n, le proporcionamos toda la informaci\u00f3n necesaria sobre nuestra Pol\u00edtica de Privacidad en relaci\u00f3n con los [&hellip;]<\/p>","protected":false},"author":2,"featured_media":0,"parent":0,"menu_order":0,"comment_status":"closed","ping_status":"closed","template":"","meta":{"footnotes":""},"yoast_head":"<!-- This site is optimized with the Yoast SEO plugin v21.9 - https:\/\/yoast.com\/wordpress\/plugins\/seo\/ -->\n<title>Pol\u00edtica de privacidad - Masiablanca<\/title>\n<meta name=\"robots\" content=\"index, follow, max-snippet:-1, max-image-preview:large, max-video-preview:-1\" \/>\n<link rel=\"canonical\" href=\"https:\/\/masiablanca.com\/eng\/politica-de-privacidad\/\" \/>\n<meta property=\"og:locale\" content=\"en_GB\" \/>\n<meta property=\"og:type\" content=\"article\" \/>\n<meta property=\"og:title\" content=\"Pol\u00edtica de privacidad - Masiablanca\" \/>\n<meta property=\"og:description\" content=\"Pol\u00edtica de privacidad POL\u00cdTICA DE PRIVACIDAD La confidencialidad y la seguridad son valores primordiales de SARAFORT, S.L. y, en consecuencia, asumimos el compromiso de garantizar la privacidad del Usuario en todo momento y de no recabar informaci\u00f3n innecesaria. A continuaci\u00f3n, le proporcionamos toda la informaci\u00f3n necesaria sobre nuestra Pol\u00edtica de Privacidad en relaci\u00f3n con los [&hellip;]\" \/>\n<meta property=\"og:url\" content=\"https:\/\/masiablanca.com\/eng\/politica-de-privacidad\/\" \/>\n<meta property=\"og:site_name\" content=\"Masiablanca\" \/>\n<meta property=\"article:modified_time\" content=\"2024-01-31T09:12:32+00:00\" \/>\n<meta name=\"twitter:card\" content=\"summary_large_image\" \/>\n<meta name=\"twitter:label1\" content=\"Estimated reading time\" \/>\n\t<meta name=\"twitter:data1\" content=\"4 minutes\" \/>\n<script type=\"application\/ld+json\" class=\"yoast-schema-graph\">{\"@context\":\"https:\/\/schema.org\",\"@graph\":[{\"@type\":\"WebPage\",\"@id\":\"https:\/\/masiablanca.com\/politica-de-privacidad\/\",\"url\":\"https:\/\/masiablanca.com\/politica-de-privacidad\/\",\"name\":\"Pol\u00edtica de privacidad - Masiablanca\",\"isPartOf\":{\"@id\":\"https:\/\/masiablanca.com\/#website\"},\"datePublished\":\"2022-10-06T11:03:57+00:00\",\"dateModified\":\"2024-01-31T09:12:32+00:00\",\"breadcrumb\":{\"@id\":\"https:\/\/masiablanca.com\/politica-de-privacidad\/#breadcrumb\"},\"inLanguage\":\"en-GB\",\"potentialAction\":[{\"@type\":\"ReadAction\",\"target\":[\"https:\/\/masiablanca.com\/politica-de-privacidad\/\"]}]},{\"@type\":\"BreadcrumbList\",\"@id\":\"https:\/\/masiablanca.com\/politica-de-privacidad\/#breadcrumb\",\"itemListElement\":[{\"@type\":\"ListItem\",\"position\":1,\"name\":\"Portada\",\"item\":\"https:\/\/masiablanca.com\/\"},{\"@type\":\"ListItem\",\"position\":2,\"name\":\"Pol\u00edtica de privacidad\"}]},{\"@type\":\"WebSite\",\"@id\":\"https:\/\/masiablanca.com\/#website\",\"url\":\"https:\/\/masiablanca.com\/\",\"name\":\"Masiablanca\",\"description\":\"Alojamiento vacacional, eventos y rodajes\",\"publisher\":{\"@id\":\"https:\/\/masiablanca.com\/#organization\"},\"potentialAction\":[{\"@type\":\"SearchAction\",\"target\":{\"@type\":\"EntryPoint\",\"urlTemplate\":\"https:\/\/masiablanca.com\/?s={search_term_string}\"},\"query-input\":\"required name=search_term_string\"}],\"inLanguage\":\"en-GB\"},{\"@type\":\"Organization\",\"@id\":\"https:\/\/masiablanca.com\/#organization\",\"name\":\"Masiablanca\",\"url\":\"https:\/\/masiablanca.com\/\",\"logo\":{\"@type\":\"ImageObject\",\"inLanguage\":\"en-GB\",\"@id\":\"https:\/\/masiablanca.com\/#\/schema\/logo\/image\/\",\"url\":\"https:\/\/masiablanca.com\/wp-content\/uploads\/2022\/10\/cropped-Logo.png\",\"contentUrl\":\"https:\/\/masiablanca.com\/wp-content\/uploads\/2022\/10\/cropped-Logo.png\",\"width\":1249,\"height\":982,\"caption\":\"Masiablanca\"},\"image\":{\"@id\":\"https:\/\/masiablanca.com\/#\/schema\/logo\/image\/\"}}]}<\/script>\n<!-- \/ Yoast SEO plugin. -->","yoast_head_json":{"title":"Pol\u00edtica de privacidad - Masiablanca","robots":{"index":"index","follow":"follow","max-snippet":"max-snippet:-1","max-image-preview":"max-image-preview:large","max-video-preview":"max-video-preview:-1"},"canonical":"https:\/\/masiablanca.com\/eng\/politica-de-privacidad\/","og_locale":"en_GB","og_type":"article","og_title":"Pol\u00edtica de privacidad - Masiablanca","og_description":"Pol\u00edtica de privacidad POL\u00cdTICA DE PRIVACIDAD La confidencialidad y la seguridad son valores primordiales de SARAFORT, S.L. y, en consecuencia, asumimos el compromiso de garantizar la privacidad del Usuario en todo momento y de no recabar informaci\u00f3n innecesaria. A continuaci\u00f3n, le proporcionamos toda la informaci\u00f3n necesaria sobre nuestra Pol\u00edtica de Privacidad en relaci\u00f3n con los [&hellip;]","og_url":"https:\/\/masiablanca.com\/eng\/politica-de-privacidad\/","og_site_name":"Masiablanca","article_modified_time":"2024-01-31T09:12:32+00:00","twitter_card":"summary_large_image","twitter_misc":{"Estimated reading time":"4 minutes"},"schema":{"@context":"https:\/\/schema.org","@graph":[{"@type":"WebPage","@id":"https:\/\/masiablanca.com\/politica-de-privacidad\/","url":"https:\/\/masiablanca.com\/politica-de-privacidad\/","name":"Pol\u00edtica de privacidad - Masiablanca","isPartOf":{"@id":"https:\/\/masiablanca.com\/#website"},"datePublished":"2022-10-06T11:03:57+00:00","dateModified":"2024-01-31T09:12:32+00:00","breadcrumb":{"@id":"https:\/\/masiablanca.com\/politica-de-privacidad\/#breadcrumb"},"inLanguage":"en-GB","potentialAction":[{"@type":"ReadAction","target":["https:\/\/masiablanca.com\/politica-de-privacidad\/"]}]},{"@type":"BreadcrumbList","@id":"https:\/\/masiablanca.com\/politica-de-privacidad\/#breadcrumb","itemListElement":[{"@type":"ListItem","position":1,"name":"Portada","item":"https:\/\/masiablanca.com\/"},{"@type":"ListItem","position":2,"name":"Pol\u00edtica de privacidad"}]},{"@type":"WebSite","@id":"https:\/\/masiablanca.com\/#website","url":"https:\/\/masiablanca.com\/","name":"Masiablanca","description":"Alojamiento vacacional, eventos y rodajes","publisher":{"@id":"https:\/\/masiablanca.com\/#organization"},"potentialAction":[{"@type":"SearchAction","target":{"@type":"EntryPoint","urlTemplate":"https:\/\/masiablanca.com\/?s={search_term_string}"},"query-input":"required name=search_term_string"}],"inLanguage":"en-GB"},{"@type":"Organization","@id":"https:\/\/masiablanca.com\/#organization","name":"Masiablanca","url":"https:\/\/masiablanca.com\/","logo":{"@type":"ImageObject","inLanguage":"en-GB","@id":"https:\/\/masiablanca.com\/#\/schema\/logo\/image\/","url":"https:\/\/masiablanca.com\/wp-content\/uploads\/2022\/10\/cropped-Logo.png","contentUrl":"https:\/\/masiablanca.com\/wp-content\/uploads\/2022\/10\/cropped-Logo.png","width":1249,"height":982,"caption":"Masiablanca"},"image":{"@id":"https:\/\/masiablanca.com\/#\/schema\/logo\/image\/"}}]}},"_links":{"self":[{"href":"https:\/\/masiablanca.com\/eng\/wp-json\/wp\/v2\/pages\/475"}],"collection":[{"href":"https:\/\/masiablanca.com\/eng\/wp-json\/wp\/v2\/pages"}],"about":[{"href":"https:\/\/masiablanca.com\/eng\/wp-json\/wp\/v2\/types\/page"}],"author":[{"embeddable":true,"href":"https:\/\/masiablanca.com\/eng\/wp-json\/wp\/v2\/users\/2"}],"replies":[{"embeddable":true,"href":"https:\/\/masiablanca.com\/eng\/wp-json\/wp\/v2\/comments?post=475"}],"version-history":[{"count":19,"href":"https:\/\/masiablanca.com\/eng\/wp-json\/wp\/v2\/pages\/475\/revisions"}],"predecessor-version":[{"id":734,"href":"https:\/\/masiablanca.com\/eng\/wp-json\/wp\/v2\/pages\/475\/revisions\/734"}],"wp:attachment":[{"href":"https:\/\/masiablanca.com\/eng\/wp-json\/wp\/v2\/media?parent=475"}],"curies":[{"name":"wp","href":"https:\/\/api.w.org\/{rel}","templated":true}]}}